{"id":310,"date":"2019-04-24T13:15:21","date_gmt":"2019-04-24T12:15:21","guid":{"rendered":"https:\/\/teatronika.org\/en\/?page_id=310"},"modified":"2022-12-28T10:18:54","modified_gmt":"2022-12-28T09:18:54","slug":"app","status":"publish","type":"page","link":"https:\/\/teatronika.org\/ca\/app\/","title":{"rendered":"App"},"content":{"rendered":"<p>Hem desenvolupat una aplicaci\u00f3 de realitat virtual per poder veure i interactuar amb els guions pensats per a quatre robots del concurs. L&#8217;aplicaci\u00f3 est\u00e0 en versi\u00f3 beta de proves, i est\u00e0 disponible per als sistemes operatius:<\/p>\n<p><a href=\"https:\/\/www.dropbox.com\/s\/6pbzacshi09nbgn\/TheatronikaApp_Win.zip?dl=0\" target=\"_blank\" rel=\"noopener\"><img loading=\"lazy\" decoding=\"async\" class=\"alignnone wp-image-588 size-full\" style=\"font-size: 1rem;\" src=\"https:\/\/teatronika.org\/wp-content\/uploads\/2022\/12\/icon-win.png\" alt=\"Teatronika App Windows\" width=\"70\" height=\"69\" \/><\/a><a href=\"https:\/\/www.dropbox.com\/s\/s0i6v03i9gobcms\/TeatronikaApp_MacOS.zip?dl=0\" target=\"_blank\" rel=\"noopener\"><img loading=\"lazy\" decoding=\"async\" class=\"alignnone wp-image-587 size-full\" src=\"https:\/\/teatronika.org\/wp-content\/uploads\/2022\/12\/icon-mac.png\" alt=\"Teatronika App Mac\" width=\"70\" height=\"69\" \/><\/a> \u00a0<a href=\"https:\/\/www.dropbox.com\/s\/9jxg98ohujl22we\/TeatronikaApp_Linux.zip?dl=0\" target=\"_blank\" rel=\"noopener\"><img loading=\"lazy\" decoding=\"async\" class=\"alignnone wp-image-589 size-full\" src=\"https:\/\/teatronika.org\/wp-content\/uploads\/2022\/12\/icon-linux.png\" alt=\"Teatronika App Linux\" width=\"70\" height=\"69\" \/><\/a><\/p>\n","protected":false},"excerpt":{"rendered":"<p>Hem desenvolupat una aplicaci\u00f3 de realitat virtual per poder veure i interactuar amb els guions pensats per a quatre robots del concurs. L&#8217;aplicaci\u00f3 est\u00e0 en versi\u00f3 beta de proves, i est\u00e0 disponible per als sistemes operatius: \u00a0<\/p>\n","protected":false},"author":9,"featured_media":0,"parent":0,"menu_order":0,"comment_status":"closed","ping_status":"closed","template":"","meta":{"_acf_changed":false,"footnotes":""},"class_list":["post-310","page","type-page","status-publish","hentry"],"acf":[],"_links":{"self":[{"href":"https:\/\/teatronika.org\/ca\/wp-json\/wp\/v2\/pages\/310","targetHints":{"allow":["GET"]}}],"collection":[{"href":"https:\/\/teatronika.org\/ca\/wp-json\/wp\/v2\/pages"}],"about":[{"href":"https:\/\/teatronika.org\/ca\/wp-json\/wp\/v2\/types\/page"}],"author":[{"embeddable":true,"href":"https:\/\/teatronika.org\/ca\/wp-json\/wp\/v2\/users\/9"}],"replies":[{"embeddable":true,"href":"https:\/\/teatronika.org\/ca\/wp-json\/wp\/v2\/comments?post=310"}],"version-history":[{"count":24,"href":"https:\/\/teatronika.org\/ca\/wp-json\/wp\/v2\/pages\/310\/revisions"}],"predecessor-version":[{"id":590,"href":"https:\/\/teatronika.org\/ca\/wp-json\/wp\/v2\/pages\/310\/revisions\/590"}],"wp:attachment":[{"href":"https:\/\/teatronika.org\/ca\/wp-json\/wp\/v2\/media?parent=310"}],"curies":[{"name":"wp","href":"https:\/\/api.w.org\/{rel}","templated":true}]}}