{"id":34,"date":"2018-06-03T00:16:38","date_gmt":"2018-06-02T23:16:38","guid":{"rendered":"https:\/\/teatronika.org\/?page_id=34"},"modified":"2022-11-24T12:45:10","modified_gmt":"2022-11-24T11:45:10","slug":"libro","status":"publish","type":"page","link":"https:\/\/teatronika.org\/ca\/libro\/","title":{"rendered":"Llibre"},"content":{"rendered":"<p style=\"text-align: left;\">Teatronika ha autoeditat dos llibres (ISBN 978-84-697-5916-5 i 978-84-09-10427-7) amb primeres edicions limitades. Si us interessa, ens podeu escriure a: <a href=\"mailto:teatronika@gmail.com\">teatronika@gmail.com<\/a>\u00a0.<\/p>\n<p style=\"text-align: left;\"><strong>Teatronika_01:<\/strong> T\u00e9 130 p\u00e0gines i inclou: assajos de Miquel Barcel\u00f3, Ramon Lopez de Mantares, Ricardo Iglesias i Roc Par\u00e9s, 9 guions guanyadors de l&#8217;edici\u00f3 2015 i un dossier de recerca de Beatriz Liebe i Mart\u00ed S\u00e1nchez-Fibla on expliquen curiositats de <span style=\"font-size: 1rem;\">com han dut a terme la posada en escena de les obres amb els robots NAO.<\/span><\/p>\n<p><img loading=\"lazy\" decoding=\"async\" class=\"alignnone size-large wp-image-35\" src=\"https:\/\/teatronika.org\/wp-content\/uploads\/2018\/06\/bookLlibreTeatronikaTapaIndex-733x1024.jpg\" alt=\"\" width=\"525\" height=\"733\" srcset=\"https:\/\/teatronika.org\/wp-content\/uploads\/2018\/06\/bookLlibreTeatronikaTapaIndex-733x1024.jpg 733w, https:\/\/teatronika.org\/wp-content\/uploads\/2018\/06\/bookLlibreTeatronikaTapaIndex-215x300.jpg 215w, https:\/\/teatronika.org\/wp-content\/uploads\/2018\/06\/bookLlibreTeatronikaTapaIndex-768x1073.jpg 768w, https:\/\/teatronika.org\/wp-content\/uploads\/2018\/06\/bookLlibreTeatronikaTapaIndex.jpg 1200w\" sizes=\"auto, (max-width: 525px) 100vw, 525px\" \/><\/p>\n<p><strong>Teatronika_02:<\/strong>\u00a0 Presenta un recull dels deu guions guanyadors i quatre assajos: dos dels realitzadors del projecte, Mart\u00ed S\u00e1nchez-Fibla i Beatriz Liebe, un de Stefan Kaegi, de la companyia Rimini Protokoll, i un de l&#8217;especialista en ci\u00e8ncia-ficci\u00f3 Miquel Barcel\u00f3, col\u00b7laborador habitual del projecte i membre del jurat.<\/p>\n<p><img loading=\"lazy\" decoding=\"async\" class=\"alignnone wp-image-343 size-large\" style=\"font-size: 1rem;\" src=\"https:\/\/teatronika.org\/wp-content\/uploads\/2019\/05\/Libro02_index-728x1024.jpg\" alt=\"\" width=\"525\" height=\"738\" srcset=\"https:\/\/teatronika.org\/wp-content\/uploads\/2019\/05\/Libro02_index-728x1024.jpg 728w, https:\/\/teatronika.org\/wp-content\/uploads\/2019\/05\/Libro02_index-178x250.jpg 178w, https:\/\/teatronika.org\/wp-content\/uploads\/2019\/05\/Libro02_index-768x1081.jpg 768w, https:\/\/teatronika.org\/wp-content\/uploads\/2019\/05\/Libro02_index.jpg 2000w\" sizes=\"auto, (max-width: 525px) 100vw, 525px\" \/><\/p>\n","protected":false},"excerpt":{"rendered":"<p>Teatronika ha autoeditat dos llibres (ISBN 978-84-697-5916-5 i 978-84-09-10427-7) amb primeres edicions limitades. Si us interessa, ens podeu escriure a: teatronika@gmail.com\u00a0. Teatronika_01: T\u00e9 130 p\u00e0gines i inclou: assajos de Miquel Barcel\u00f3, Ramon Lopez de Mantares, Ricardo Iglesias i Roc Par\u00e9s, 9 guions guanyadors de l&#8217;edici\u00f3 2015 i un dossier de recerca de Beatriz Liebe i &hellip; <\/p>\n<p class=\"link-more\"><a href=\"https:\/\/teatronika.org\/ca\/libro\/\" class=\"more-link\">Continue reading<span class=\"screen-reader-text\"> &#8220;Llibre&#8221;<\/span><\/a><\/p>\n","protected":false},"author":9,"featured_media":0,"parent":0,"menu_order":0,"comment_status":"closed","ping_status":"closed","template":"","meta":{"_acf_changed":false,"footnotes":""},"class_list":["post-34","page","type-page","status-publish","hentry"],"acf":[],"_links":{"self":[{"href":"https:\/\/teatronika.org\/ca\/wp-json\/wp\/v2\/pages\/34","targetHints":{"allow":["GET"]}}],"collection":[{"href":"https:\/\/teatronika.org\/ca\/wp-json\/wp\/v2\/pages"}],"about":[{"href":"https:\/\/teatronika.org\/ca\/wp-json\/wp\/v2\/types\/page"}],"author":[{"embeddable":true,"href":"https:\/\/teatronika.org\/ca\/wp-json\/wp\/v2\/users\/9"}],"replies":[{"embeddable":true,"href":"https:\/\/teatronika.org\/ca\/wp-json\/wp\/v2\/comments?post=34"}],"version-history":[{"count":20,"href":"https:\/\/teatronika.org\/ca\/wp-json\/wp\/v2\/pages\/34\/revisions"}],"predecessor-version":[{"id":637,"href":"https:\/\/teatronika.org\/ca\/wp-json\/wp\/v2\/pages\/34\/revisions\/637"}],"wp:attachment":[{"href":"https:\/\/teatronika.org\/ca\/wp-json\/wp\/v2\/media?parent=34"}],"curies":[{"name":"wp","href":"https:\/\/api.w.org\/{rel}","templated":true}]}}