{"id":39,"date":"2018-06-03T00:25:20","date_gmt":"2018-06-02T23:25:20","guid":{"rendered":"https:\/\/teatronika.org\/?page_id=39"},"modified":"2022-11-24T13:06:09","modified_gmt":"2022-11-24T12:06:09","slug":"espectaculo","status":"publish","type":"page","link":"https:\/\/teatronika.org\/ca\/espectaculo\/","title":{"rendered":"Espectacle"},"content":{"rendered":"<h2>Teatre fet \u00fanicament per robots: un experiment esc\u00e8nic i de recerca<\/h2>\n<p>Teatronika ha produ\u00eft un espectacle d&#8217;una hora que presenta algunes de les peces guanyadores de l&#8217;edici\u00f3 del concurs 2015 fetes amb robots NAO. Les peces formen un experiment esc\u00e8nic i, com a tal, tamb\u00e9 es barreja amb intervencions i curiositats que ens hem trobat durant el proc\u00e9s, i tamb\u00e9 reflexions sobre rob\u00f2tica, neuroci\u00e8ncia, art i cultura.<\/p>\n<p><img loading=\"lazy\" decoding=\"async\" class=\"alignnone size-large wp-image-40\" src=\"https:\/\/teatronika.org\/wp-content\/uploads\/2018\/06\/CCCB3Teatronika-1024x228.jpg\" alt=\"\" width=\"525\" height=\"117\" srcset=\"https:\/\/teatronika.org\/wp-content\/uploads\/2018\/06\/CCCB3Teatronika-1024x228.jpg 1024w, https:\/\/teatronika.org\/wp-content\/uploads\/2018\/06\/CCCB3Teatronika-300x67.jpg 300w, https:\/\/teatronika.org\/wp-content\/uploads\/2018\/06\/CCCB3Teatronika-768x171.jpg 768w\" sizes=\"auto, (max-width: 525px) 100vw, 525px\" \/><\/p>\n<h2>Presentacions de Teatronika<\/h2>\n<ul>\n<li><a href=\"http:\/\/phonos.upf.edu\/node\/987?language=en\">Juny de 2016, Music Hack Day al S\u00f3nar Festival<\/a>, Barcelona<\/li>\n<li><a href=\"http:\/\/www.cccb.org\/es\/actividades\/ficha\/teatronika\/221569\">Novembre de 2016, Centre de Cultura Contempor\u00e0nia de Barcelona (CCCB)<\/a><\/li>\n<li><a href=\"http:\/\/blog.rtve.es\/fallodesistema\/2015\/06\/episodio-184-teatronika-desde-el-sonar.html\">S\u00f3nar 2015 durant el Music Hack Day per a Radio 3<\/a><\/li>\n<li>Setembre de 2017, estrena\u00a0al\u00a0<a href=\"http:\/\/www.tnt.cat\/tnt-espectacles\/teatronika\/\">Festival TNT, Terrassa<\/a><\/li>\n<\/ul>\n<p><img loading=\"lazy\" decoding=\"async\" class=\"size-medium wp-image-86 aligncenter\" src=\"https:\/\/teatronika.org\/wp-content\/uploads\/2018\/06\/public-300x200.jpg\" alt=\"\" width=\"300\" height=\"200\" srcset=\"https:\/\/teatronika.org\/wp-content\/uploads\/2018\/06\/public-300x200.jpg 300w, https:\/\/teatronika.org\/wp-content\/uploads\/2018\/06\/public-768x512.jpg 768w, https:\/\/teatronika.org\/wp-content\/uploads\/2018\/06\/public-1024x683.jpg 1024w, https:\/\/teatronika.org\/wp-content\/uploads\/2018\/06\/public.jpg 1536w\" sizes=\"auto, (max-width: 300px) 100vw, 300px\" \/><\/p>\n<h2>Obres realitzades el 2015 al CCCB<\/h2>\n<ul>\n<li><em>La reincorporaci\u00f3n<\/em>, de Gerard Freixes (primer premi 2015)<\/li>\n<li><em>Para\u00edsos artificiales<\/em>, de Pedro Pablo Picazo (segon premi 2015)<\/li>\n<li><em>I+I<\/em>, de David Pousada (tercer premi 2015)<\/li>\n<li><em>Agujero en la arena<\/em>, de Hugo \u00c1lvarez (quart premi 2015)<\/li>\n<\/ul>\n<p>A continuaci\u00f3 pots veure una gravaci\u00f3 en pla fix de l&#8217;obra Agujero en la arena d&#8217;Hugo \u00c1lvarez, guanyador del quart premi a l&#8217;edici\u00f3 de 2015 i que forma part de l&#8217;espectacle.<\/p>\n<p><iframe loading=\"lazy\" title=\"Hole in the Sand\" width=\"525\" height=\"295\" src=\"https:\/\/www.youtube.com\/embed\/jwD2X-732_o?feature=oembed\" frameborder=\"0\" allow=\"accelerometer; autoplay; clipboard-write; encrypted-media; gyroscope; picture-in-picture; web-share\" referrerpolicy=\"strict-origin-when-cross-origin\" allowfullscreen><\/iframe><\/p>\n<h2>Cr\u00e8dits de l&#8217;espectacle<\/h2>\n<ul>\n<li class=\"p1\"><span style=\"color: #3366ff;\">Idea i realitzaci\u00f3:<\/span> Mart\u00ed S\u00e1nchez Fibla<\/li>\n<li class=\"p1\"><span style=\"color: #3366ff;\">Directora d&#8217;escena:<\/span> Beatriz Liebe<\/li>\n<li class=\"p1\"><span style=\"color: #00ccff;\">Adaptaci\u00f3 de textos i veu:<\/span> \u00c0ngel Garc\u00eda-Cerda\u00f1a<\/li>\n<li class=\"p1\"><span style=\"color: #333399;\">Robots:<\/span> Capri, Dani, Xavi<\/li>\n<li class=\"p1\"><span style=\"color: #666699;\">M\u00fasica i so<\/span>: Sytse Wierenga i David Dalmazzo<\/li>\n<li class=\"p1\"><span style=\"color: #33cccc;\">Escenografia i suport t\u00e8cnic:<\/span> Alex Escuredo<\/li>\n<\/ul>\n<p><img loading=\"lazy\" decoding=\"async\" class=\"wp-image-91 aligncenter\" src=\"https:\/\/teatronika.org\/wp-content\/uploads\/2018\/06\/CombiAgujeroMinCrop-300x266.jpg\" alt=\"\" width=\"623\" height=\"552\" srcset=\"https:\/\/teatronika.org\/wp-content\/uploads\/2018\/06\/CombiAgujeroMinCrop-300x266.jpg 300w, https:\/\/teatronika.org\/wp-content\/uploads\/2018\/06\/CombiAgujeroMinCrop-768x681.jpg 768w, https:\/\/teatronika.org\/wp-content\/uploads\/2018\/06\/CombiAgujeroMinCrop-1024x909.jpg 1024w, https:\/\/teatronika.org\/wp-content\/uploads\/2018\/06\/CombiAgujeroMinCrop.jpg 1500w\" sizes=\"auto, (max-width: 623px) 100vw, 623px\" \/><\/p>\n<h2>Et pots descarregar un dossier en angl\u00e8s de l&#8217;espectacle en <a href=\"https:\/\/teatronika.org\/wp-content\/uploads\/2018\/06\/TeatronikaEnglishNew.pdf\">aquest enlla\u00e7<\/a>.<\/h2>\n<p>&nbsp;<\/p>\n","protected":false},"excerpt":{"rendered":"<p>Teatre fet \u00fanicament per robots: un experiment esc\u00e8nic i de recerca Teatronika ha produ\u00eft un espectacle d&#8217;una hora que presenta algunes de les peces guanyadores de l&#8217;edici\u00f3 del concurs 2015 fetes amb robots NAO. Les peces formen un experiment esc\u00e8nic i, com a tal, tamb\u00e9 es barreja amb intervencions i curiositats que ens hem trobat &hellip; <\/p>\n<p class=\"link-more\"><a href=\"https:\/\/teatronika.org\/ca\/espectaculo\/\" class=\"more-link\">Continue reading<span class=\"screen-reader-text\"> &#8220;Espectacle&#8221;<\/span><\/a><\/p>\n","protected":false},"author":9,"featured_media":0,"parent":0,"menu_order":0,"comment_status":"closed","ping_status":"closed","template":"","meta":{"_acf_changed":false,"footnotes":""},"class_list":["post-39","page","type-page","status-publish","hentry"],"acf":[],"_links":{"self":[{"href":"https:\/\/teatronika.org\/ca\/wp-json\/wp\/v2\/pages\/39","targetHints":{"allow":["GET"]}}],"collection":[{"href":"https:\/\/teatronika.org\/ca\/wp-json\/wp\/v2\/pages"}],"about":[{"href":"https:\/\/teatronika.org\/ca\/wp-json\/wp\/v2\/types\/page"}],"author":[{"embeddable":true,"href":"https:\/\/teatronika.org\/ca\/wp-json\/wp\/v2\/users\/9"}],"replies":[{"embeddable":true,"href":"https:\/\/teatronika.org\/ca\/wp-json\/wp\/v2\/comments?post=39"}],"version-history":[{"count":39,"href":"https:\/\/teatronika.org\/ca\/wp-json\/wp\/v2\/pages\/39\/revisions"}],"predecessor-version":[{"id":643,"href":"https:\/\/teatronika.org\/ca\/wp-json\/wp\/v2\/pages\/39\/revisions\/643"}],"wp:attachment":[{"href":"https:\/\/teatronika.org\/ca\/wp-json\/wp\/v2\/media?parent=39"}],"curies":[{"name":"wp","href":"https:\/\/api.w.org\/{rel}","templated":true}]}}