{"id":56,"date":"2018-06-03T00:51:05","date_gmt":"2018-06-02T23:51:05","guid":{"rendered":"https:\/\/teatronika.org\/?page_id=56"},"modified":"2023-12-01T21:30:55","modified_gmt":"2023-12-01T20:30:55","slug":"proyecto","status":"publish","type":"page","link":"https:\/\/teatronika.org\/ca\/proyecto\/","title":{"rendered":"Projecte"},"content":{"rendered":"<p>El projecte Teatronika neix el 2015 impulsat per <a href=\"http:\/\/martisanchez.com\">Mart\u00ed S\u00e1nchez-Fibla<\/a> (investigador en Intel\u00b7lig\u00e8ncia Artificial i Rob\u00f2tica de la Universitat Pompeu Fabra) amb la finalitat de posar a l&#8217;abast de tothom cinc robots NAO (que fins aleshores nom\u00e9s havien jugat a futbol) per tal que interpretessin guions teatrals escrits pels participants del concurs Teatronika. En la primera edici\u00f3 del concurs v\u00e0rem rebre 112 guions i vam comptar amb un jurat interdisciplinari, entre els qui hi havia Miquel Barcel\u00f3, especialista en ci\u00e8ncia-ficci\u00f3 i Ramon L\u00f3pez de M\u00e1ntaras, director de l&#8217;Institut d&#8217;Intel\u00b7lig\u00e8ncia Artificial del CSIC (veure link). 9 van ser els guions guanyadors i 6 van obtenir una menci\u00f3 especial.<\/p>\n<p>En 2018 Teatronika es constitueix com a associaci\u00f3 de divulgaci\u00f3 cient\u00edfica i cultural amb Beatriz Liebe, Gerald Kogler i Marti Sanchez-Fibla, amb la finalitat de treure als robots del laboratori i impulsar accions de divulgaci\u00f3 en un marc m\u00e9s ampli, entre les quals destaquen la creaci\u00f3 d&#8217;un espectacle, l&#8217;organitzaci\u00f3 d&#8217;altres 3 edicions del concurs, la publicaci\u00f3 de 4 llibres i, a partir de l&#8217;any 2021, la creaci\u00f3 i implementaci\u00f3 de Teatronika STEAM, per a la qual v\u00e0rem convidar a Patricia Garrido Qui\u00f1ones a formar part del nostre equip.<\/p>\n<h2>Contacte: Mart\u00ed S\u00e1nchez-Fibla<\/h2>\n<p><a href=\"http:\/\/martisanchez.com\">Mart\u00ed S\u00e1nchez-Fibla<\/a> \u00e9s investigador en ci\u00e8ncies cognitives, intel\u00b7lig\u00e8ncia artificial i neurorob\u00f2tica, i ara col\u00b7labora amb el <a href=\"https:\/\/www.upf.edu\/web\/ai-ml\">grup d&#8217;Intel\u00b7lig\u00e8ncia Artificial<\/a> de la Universitat Pompeu Fabra (UPF), el laboratori <a href=\"https:\/\/specs.ibecbarcelona.eu\/\">SPECS<\/a> (ara a IBEC) i el <a href=\"http:\/\/complex.upf.edu\/\">Complex Systems Lab<\/a>. Els seus interessos en la divulgaci\u00f3 cient\u00edfica el van portar a crear el projecte Teatronika, amb l&#8217;objectiu de portar la ci\u00e8ncia i els mateixos robots fora del laboratori.<\/p>\n<h2>Contacte: Beatriz Liebe Masferrer<\/h2>\n<p>Directora de teatre i gestora cultural. Entre altres aventures, ha estat directora del Centre C\u00edvic Bar\u00f3 de Viver, coordinadora de projectes per a la Fundaci\u00f3 Xarxa d&#8217;Espectacle Infantil i Juvenil de Catalunya (Butaka Jove, Escola Va de Bolo) i codirectora del Festival PIIGS Dramat\u00fargia sobre la crisi (Festival Grec, Nau Ivanow). Les seves creacions teatrals nom\u00e9s tenen en com\u00fa el gust per l&#8217;experimentaci\u00f3 i el gaudi de compartir assajos i saludar el p\u00fablic a la sortida de cada funci\u00f3, tant si \u00e9s al Centre de Cultura Contempor\u00e0nia de Barcelona, en un congr\u00e9s d&#8217;IA a Xile o al Festival Off Avignon. Actualment, dedica algunes hores a produir L&#8217;Altre Festival a Barcelona i d&#8217;altres a estudiar altres maneres de fer a Londres.<\/p>\n<p>&nbsp;<\/p>\n<p>Segueix Teatronika al <a href=\"http:\/\/facebook.com\/teatronika\">Facebook<\/a>.<\/p>\n","protected":false},"excerpt":{"rendered":"<p>El projecte Teatronika neix el 2015 impulsat per Mart\u00ed S\u00e1nchez-Fibla (investigador en Intel\u00b7lig\u00e8ncia Artificial i Rob\u00f2tica de la Universitat Pompeu Fabra) amb la finalitat de posar a l&#8217;abast de tothom cinc robots NAO (que fins aleshores nom\u00e9s havien jugat a futbol) per tal que interpretessin guions teatrals escrits pels participants del concurs Teatronika. En la &hellip; <\/p>\n<p class=\"link-more\"><a href=\"https:\/\/teatronika.org\/ca\/proyecto\/\" class=\"more-link\">Continue reading<span class=\"screen-reader-text\"> &#8220;Projecte&#8221;<\/span><\/a><\/p>\n","protected":false},"author":9,"featured_media":0,"parent":0,"menu_order":0,"comment_status":"closed","ping_status":"closed","template":"","meta":{"_acf_changed":false,"footnotes":""},"class_list":["post-56","page","type-page","status-publish","hentry"],"acf":[],"_links":{"self":[{"href":"https:\/\/teatronika.org\/ca\/wp-json\/wp\/v2\/pages\/56","targetHints":{"allow":["GET"]}}],"collection":[{"href":"https:\/\/teatronika.org\/ca\/wp-json\/wp\/v2\/pages"}],"about":[{"href":"https:\/\/teatronika.org\/ca\/wp-json\/wp\/v2\/types\/page"}],"author":[{"embeddable":true,"href":"https:\/\/teatronika.org\/ca\/wp-json\/wp\/v2\/users\/9"}],"replies":[{"embeddable":true,"href":"https:\/\/teatronika.org\/ca\/wp-json\/wp\/v2\/comments?post=56"}],"version-history":[{"count":57,"href":"https:\/\/teatronika.org\/ca\/wp-json\/wp\/v2\/pages\/56\/revisions"}],"predecessor-version":[{"id":960,"href":"https:\/\/teatronika.org\/ca\/wp-json\/wp\/v2\/pages\/56\/revisions\/960"}],"wp:attachment":[{"href":"https:\/\/teatronika.org\/ca\/wp-json\/wp\/v2\/media?parent=56"}],"curies":[{"name":"wp","href":"https:\/\/api.w.org\/{rel}","templated":true}]}}