{"id":874,"date":"2022-12-22T14:07:35","date_gmt":"2022-12-22T13:07:35","guid":{"rendered":"https:\/\/teatronika.org\/?page_id=874"},"modified":"2023-03-30T10:01:40","modified_gmt":"2023-03-30T09:01:40","slug":"steam","status":"publish","type":"page","link":"https:\/\/teatronika.org\/ca\/steam\/","title":{"rendered":"STEAM"},"content":{"rendered":"<p><img loading=\"lazy\" decoding=\"async\" width=\"680\" height=\"347\" class=\"alignnone wp-image-892 size-full\" src=\"https:\/\/teatronika.org\/wp-content\/uploads\/2022\/12\/header-STEAM.jpg\" alt=\"STEAM\" srcset=\"https:\/\/teatronika.org\/wp-content\/uploads\/2022\/12\/header-STEAM.jpg 680w, https:\/\/teatronika.org\/wp-content\/uploads\/2022\/12\/header-STEAM-250x128.jpg 250w\" sizes=\"auto, (max-width: 680px) 100vw, 680px\" \/><\/p>\n<p>Teatronika STEAM \u00e9s una metodologia per treballar en els \u00e0mbits d\u2019educaci\u00f3, cultura, arts, tecnologia i ci\u00e8ncies. Consisteix en una matriu que intersecta els components de l\u2019expressivitat amb les Arts Esc\u00e8niques, la Intel.lig\u00e8ncia Artificial i la Rob\u00f2tica, com a elements indissociables a l\u2019hora de ser estudiats a l\u2019aula de prim\u00e0ria i secund\u00e0ria.<\/p>\n<p><iframe loading=\"lazy\" title=\"TEATRONIKA STEAM\" width=\"525\" height=\"295\" src=\"https:\/\/www.youtube.com\/embed\/w4VmcHzyHao?start=67&#038;feature=oembed\" frameborder=\"0\" allow=\"accelerometer; autoplay; clipboard-write; encrypted-media; gyroscope; picture-in-picture; web-share\" referrerpolicy=\"strict-origin-when-cross-origin\" allowfullscreen><\/iframe><\/p>\n<p>&nbsp;<\/p>\n<p><img loading=\"lazy\" decoding=\"async\" class=\"img-steam alignnone wp-image-885 size-full\" src=\"https:\/\/teatronika.org\/wp-content\/uploads\/2022\/12\/cuadro-STEAM-ca.png\" alt=\"\" width=\"624\" height=\"260\" \/><\/p>\n<p>Es pot implementar en quatre entorns:<\/p>\n<h4>TEATRONIKA STEAM A L\u2019AULA:<br \/>\nPRIM\u00c0RIA I SECUND\u00c0RIA<\/h4>\n<p>Oferim dos possibles enfocaments diferenciats: un primer que es relaciona directament amb les compet\u00e8ncies curriculars del grup on s\u2019implementa, i un altre on esdev\u00e9 un projecte parcialment desvinculat del curr\u00edculum i que es posa al servei de temes d\u2019inter\u00e8s general, com per exemple, el creixement personal dels i les alumnes, com a activitat de cohesi\u00f3 grupal, per tractar alguna tem\u00e0tica puntual (g\u00e8nere, emocions, medi ambient\u2026), entre d\u2019altres. El resultat en tant que creaci\u00f3 art\u00edstica est\u00e0 obert a qualsevol llenguatge, podent incorporar la realitzaci\u00f3 audiovisual, el c\u00f2mic, el teatre i la poesia esc\u00e8nica, entre d\u2019altres.<\/p>\n<h4>TEATRONIKA STEAM PER A DOCENTS<\/h4>\n<p>Proporciona informaci\u00f3 i formaci\u00f3 en AAEE, IA i Rob\u00f2tica, que els i les docents poden incorporar en la seva activitat educativa de diverses formes, sigui com a m\u00e8tode, contingut o component afegit. En qualsevol cas, parteix de la diagnosi de necessitats i el codisseny amb el centre, i pot tenir com a resultat sessions de formaci\u00f3 puntual, un pla formatiu al claustre, un acompanyament a llarg termini en un \u00e0mbit concret, entre d\u2019altres.<\/p>\n<h4>TEATRONIKA STEAM I PROJECTE EDUCATIU<\/h4>\n<p>Aquest entorn interpel.la, de manera transversal, a professionals educatius, alumnat i acte educatiu al mateix temps, a partir del projecte educatiu del centre o d\u2019altres formats d\u2019acte educatiu, com ara una unitat did\u00e0ctica, una iniciativa puntual o el calendari festiu del centre. Es pot implementar com a projecte puntual o pot convertir-se en una contribuci\u00f3 al centre que aquest utilitza i aplica en la seva activitat de manera sistematitzada. En aquest cas, el projecte es construeix amb una mirada cap a la seva sostenibilitat, tenint en compte aquells aspectes que el poden afeblir en el temps per preveure actuacions, com per exemple, dotar de recursos l\u2019equip directiu i el claustre per a l\u2019actualitzaci\u00f3 del projecte en el temps.<\/p>\n<h4>TEATRONIKA STEAM EXTRAESCOLAR<\/h4>\n<p>El contingut, metodologia i resultats d\u2019aquest entorn d\u2019implementaci\u00f3 \u00e9s similar al de Teatronika a l\u2019Aula en la seva modalitat de projecte independent. La coordinaci\u00f3 i adaptaci\u00f3 del format es fa amb el centre o entitat organitzadora de l\u2019activitat, amb qui es decideix el marc del projecte i l\u2019espai que ocupar\u00e0 a la seva programaci\u00f3, com tamb\u00e9 si anir\u00e0 relacionat amb altres activitats o continguts.<\/p>\n","protected":false},"excerpt":{"rendered":"<p>Teatronika STEAM \u00e9s una metodologia per treballar en els \u00e0mbits d\u2019educaci\u00f3, cultura, arts, tecnologia i ci\u00e8ncies. Consisteix en una matriu que intersecta els components de l\u2019expressivitat amb les Arts Esc\u00e8niques, la Intel.lig\u00e8ncia Artificial i la Rob\u00f2tica, com a elements indissociables a l\u2019hora de ser estudiats a l\u2019aula de prim\u00e0ria i secund\u00e0ria. &nbsp; Es pot implementar &hellip; <\/p>\n<p class=\"link-more\"><a href=\"https:\/\/teatronika.org\/ca\/steam\/\" class=\"more-link\">Continue reading<span class=\"screen-reader-text\"> &#8220;STEAM&#8221;<\/span><\/a><\/p>\n","protected":false},"author":230,"featured_media":0,"parent":0,"menu_order":0,"comment_status":"closed","ping_status":"closed","template":"","meta":{"_acf_changed":false,"footnotes":""},"class_list":["post-874","page","type-page","status-publish","hentry"],"acf":[],"_links":{"self":[{"href":"https:\/\/teatronika.org\/ca\/wp-json\/wp\/v2\/pages\/874","targetHints":{"allow":["GET"]}}],"collection":[{"href":"https:\/\/teatronika.org\/ca\/wp-json\/wp\/v2\/pages"}],"about":[{"href":"https:\/\/teatronika.org\/ca\/wp-json\/wp\/v2\/types\/page"}],"author":[{"embeddable":true,"href":"https:\/\/teatronika.org\/ca\/wp-json\/wp\/v2\/users\/230"}],"replies":[{"embeddable":true,"href":"https:\/\/teatronika.org\/ca\/wp-json\/wp\/v2\/comments?post=874"}],"version-history":[{"count":31,"href":"https:\/\/teatronika.org\/ca\/wp-json\/wp\/v2\/pages\/874\/revisions"}],"predecessor-version":[{"id":952,"href":"https:\/\/teatronika.org\/ca\/wp-json\/wp\/v2\/pages\/874\/revisions\/952"}],"wp:attachment":[{"href":"https:\/\/teatronika.org\/ca\/wp-json\/wp\/v2\/media?parent=874"}],"curies":[{"name":"wp","href":"https:\/\/api.w.org\/{rel}","templated":true}]}}