{"id":34,"date":"2018-06-03T00:16:38","date_gmt":"2018-06-02T23:16:38","guid":{"rendered":"https:\/\/teatronika.org\/?page_id=34"},"modified":"2022-11-24T12:45:10","modified_gmt":"2022-11-24T11:45:10","slug":"libro","status":"publish","type":"page","link":"https:\/\/teatronika.org\/en\/libro\/","title":{"rendered":"Book"},"content":{"rendered":"<p style=\"text-align: left\"><span class=\"\" lang=\"en\"><span class=\"\">Teatronika has self-published two books (ISBNs 978-84-697-5916-5 and <\/span><\/span>978-84-09-10427-7<span id=\"result_box\" class=\"\" lang=\"en\"><span class=\"\">) in a limited edition of 50 copies each and we are looking for an interested distributor and publisher. If interested in the book you can write to us at: <\/span><span class=\"\">\u00a0<\/span><\/span><a href=\"mailto:teatronika@gmail.com\">teatronika@gmail.com<\/a>\u00a0.<\/p>\n<div id=\"gt-res-content\">\n<div id=\"gt-res-dir-ctr\" class=\"trans-verified-button-small\" dir=\"ltr\"><span id=\"result_box\" class=\"\" lang=\"en\"><span class=\"\"><strong>Teatronika_01:<\/strong> The book has 130 pages and includes: essays by Miquel Barcel\u00f3, Ramon Lopez de Mantaras, Ricardo Iglesias and Roc Par\u00e9s, the 9 winning scripts of the 2015 edition, a research dossier by Beatriz Liebe and Mart\u00ed S\u00e1nchez-Fibla where we explain curiosities of how<\/span> we have completed the staging with the NAO robots of the works<\/span><span style=\"font-size: 1rem\">.<\/span><\/div>\n<div dir=\"ltr\"><\/div>\n<\/div>\n<p><img loading=\"lazy\" decoding=\"async\" class=\"alignnone size-large wp-image-35\" src=\"https:\/\/teatronika.org\/wp-content\/uploads\/2018\/06\/bookLlibreTeatronikaTapaIndex-733x1024.jpg\" alt=\"\" width=\"525\" height=\"733\" srcset=\"https:\/\/teatronika.org\/wp-content\/uploads\/2018\/06\/bookLlibreTeatronikaTapaIndex-733x1024.jpg 733w, https:\/\/teatronika.org\/wp-content\/uploads\/2018\/06\/bookLlibreTeatronikaTapaIndex-215x300.jpg 215w, https:\/\/teatronika.org\/wp-content\/uploads\/2018\/06\/bookLlibreTeatronikaTapaIndex-768x1073.jpg 768w, https:\/\/teatronika.org\/wp-content\/uploads\/2018\/06\/bookLlibreTeatronikaTapaIndex.jpg 1200w\" sizes=\"auto, (max-width: 525px) 100vw, 525px\" \/><\/p>\n<p><strong>Teatronika_02:\u00a0\u00a0<\/strong>Presents a compilation of the ten winning scripts and four essays: two of the project&#8217;s directors, Mart\u00ed S\u00e1nchez-Fibla and Beatriz Liebe, one of Stefan Kaegi, of the Rimini Protokoll company, and one of the science fiction specialist Miquel Barcel\u00f3, regular collaborator of the project and member of the jury.<\/p>\n<p><img loading=\"lazy\" decoding=\"async\" class=\"alignnone wp-image-343 size-large\" style=\"font-size: 1rem\" src=\"https:\/\/teatronika.org\/wp-content\/uploads\/2019\/05\/Libro02_index-728x1024.jpg\" alt=\"\" width=\"525\" height=\"738\" srcset=\"https:\/\/teatronika.org\/wp-content\/uploads\/2019\/05\/Libro02_index-728x1024.jpg 728w, https:\/\/teatronika.org\/wp-content\/uploads\/2019\/05\/Libro02_index-178x250.jpg 178w, https:\/\/teatronika.org\/wp-content\/uploads\/2019\/05\/Libro02_index-768x1081.jpg 768w, https:\/\/teatronika.org\/wp-content\/uploads\/2019\/05\/Libro02_index.jpg 2000w\" sizes=\"auto, (max-width: 525px) 100vw, 525px\" \/><\/p>\n","protected":false},"excerpt":{"rendered":"<p>Teatronika has self-published two books (ISBNs 978-84-697-5916-5 and 978-84-09-10427-7) in a limited edition of 50 copies each and we are looking for an interested distributor and publisher. If interested in the book you can write to us at: \u00a0teatronika@gmail.com\u00a0. Teatronika_01: The book has 130 pages and includes: essays by Miquel Barcel\u00f3, Ramon Lopez de Mantaras, &hellip; <\/p>\n<p class=\"link-more\"><a href=\"https:\/\/teatronika.org\/en\/libro\/\" class=\"more-link\">Continue reading<span class=\"screen-reader-text\"> &#8220;Book&#8221;<\/span><\/a><\/p>\n","protected":false},"author":9,"featured_media":0,"parent":0,"menu_order":0,"comment_status":"closed","ping_status":"closed","template":"","meta":{"_acf_changed":false,"footnotes":""},"class_list":["post-34","page","type-page","status-publish","hentry"],"acf":[],"_links":{"self":[{"href":"https:\/\/teatronika.org\/en\/wp-json\/wp\/v2\/pages\/34","targetHints":{"allow":["GET"]}}],"collection":[{"href":"https:\/\/teatronika.org\/en\/wp-json\/wp\/v2\/pages"}],"about":[{"href":"https:\/\/teatronika.org\/en\/wp-json\/wp\/v2\/types\/page"}],"author":[{"embeddable":true,"href":"https:\/\/teatronika.org\/en\/wp-json\/wp\/v2\/users\/9"}],"replies":[{"embeddable":true,"href":"https:\/\/teatronika.org\/en\/wp-json\/wp\/v2\/comments?post=34"}],"version-history":[{"count":20,"href":"https:\/\/teatronika.org\/en\/wp-json\/wp\/v2\/pages\/34\/revisions"}],"predecessor-version":[{"id":637,"href":"https:\/\/teatronika.org\/en\/wp-json\/wp\/v2\/pages\/34\/revisions\/637"}],"wp:attachment":[{"href":"https:\/\/teatronika.org\/en\/wp-json\/wp\/v2\/media?parent=34"}],"curies":[{"name":"wp","href":"https:\/\/api.w.org\/{rel}","templated":true}]}}