{"id":39,"date":"2018-06-03T00:25:20","date_gmt":"2018-06-02T23:25:20","guid":{"rendered":"https:\/\/teatronika.org\/?page_id=39"},"modified":"2022-11-24T13:06:09","modified_gmt":"2022-11-24T12:06:09","slug":"espectaculo","status":"publish","type":"page","link":"https:\/\/teatronika.org\/en\/espectaculo\/","title":{"rendered":"Show"},"content":{"rendered":"<h2>Performances made only by robots: an experiment and a research line<\/h2>\n<p>Teatronika has produced a one hour show, presenting original pieces made on purpose for being performed by the robots. Robotic performances are in an experimental stage, thus the show mixes the robot performances and small interventions presenting thoughts and experiences around the themes of robotics, neuroscience, arts, and culture.<\/p>\n<p><img loading=\"lazy\" decoding=\"async\" class=\"alignnone size-large wp-image-40\" src=\"https:\/\/teatronika.org\/wp-content\/uploads\/2018\/06\/CCCB3Teatronika-1024x228.jpg\" alt=\"\" width=\"525\" height=\"117\" srcset=\"https:\/\/teatronika.org\/wp-content\/uploads\/2018\/06\/CCCB3Teatronika-1024x228.jpg 1024w, https:\/\/teatronika.org\/wp-content\/uploads\/2018\/06\/CCCB3Teatronika-300x67.jpg 300w, https:\/\/teatronika.org\/wp-content\/uploads\/2018\/06\/CCCB3Teatronika-768x171.jpg 768w\" sizes=\"auto, (max-width: 525px) 100vw, 525px\" \/><\/p>\n<h2>Teatronika presentations up to date<\/h2>\n<ul>\n<li><a href=\"http:\/\/phonos.upf.edu\/node\/987?language=en\">June 2016, Music Hack Day at the Sonar Festival<\/a>, Barcelona<\/li>\n<li><a href=\"http:\/\/www.cccb.org\/es\/actividades\/ficha\/teatronika\/221569\">November 2016, Centro de Cultura Contempor\u00e1nea de Barcelona : CCCB<\/a><\/li>\n<li><a href=\"http:\/\/blog.rtve.es\/fallodesistema\/2015\/06\/episodio-184-teatronika-desde-el-sonar.html\">Sonar 2015 during Music Hack Day for Radio 3<\/a><\/li>\n<li>September 2017, Premiere in\u00a0\u00a0<a href=\"http:\/\/www.tnt.cat\/tnt-espectacles\/teatronika\/\">TNT Theater Festival, Terrassa<\/a><\/li>\n<\/ul>\n<p><img loading=\"lazy\" decoding=\"async\" class=\"size-medium wp-image-86 aligncenter\" src=\"https:\/\/teatronika.org\/wp-content\/uploads\/2018\/06\/public-300x200.jpg\" alt=\"\" width=\"300\" height=\"200\" srcset=\"https:\/\/teatronika.org\/wp-content\/uploads\/2018\/06\/public-300x200.jpg 300w, https:\/\/teatronika.org\/wp-content\/uploads\/2018\/06\/public-768x512.jpg 768w, https:\/\/teatronika.org\/wp-content\/uploads\/2018\/06\/public-1024x683.jpg 1024w, https:\/\/teatronika.org\/wp-content\/uploads\/2018\/06\/public.jpg 1536w\" sizes=\"auto, (max-width: 300px) 100vw, 300px\" \/><\/p>\n<h2>Pieces that were produced for the CCCB show in 2015<\/h2>\n<ul>\n<li><em>La reincorporaci\u00f3n<\/em>,\u00a0 Gerard Freixes (first price 2015)<\/li>\n<li><em>Para\u00edsos artificiales<\/em>, Pedro Pablo Picazo (second price 2015)<\/li>\n<li><em>I+I<\/em>, de David Pousada (third price 2015)<\/li>\n<li><em>Agujero en la arena<\/em>, Hugo \u00c1lvarez (fourth price 2015)<\/li>\n<\/ul>\n<p>See below a recording with a single camera viewpoint done in the lab of &#8220;Agujero en la arena&#8221; by Hugo \u00c1lvarez:<\/p>\n<p><iframe loading=\"lazy\" title=\"Hole in the Sand\" width=\"525\" height=\"295\" src=\"https:\/\/www.youtube.com\/embed\/jwD2X-732_o?feature=oembed\" frameborder=\"0\" allow=\"accelerometer; autoplay; clipboard-write; encrypted-media; gyroscope; picture-in-picture; web-share\" referrerpolicy=\"strict-origin-when-cross-origin\" allowfullscreen><\/iframe><\/p>\n<h2>Credits of the show<\/h2>\n<ul>\n<li class=\"p1\"><span style=\"color: #3366ff\">Idea and realization:<\/span> Mart\u00ed S\u00e1nchez Fibla<\/li>\n<li class=\"p1\"><span style=\"color: #3366ff\">Scene director:<\/span> Beatriz Liebe<\/li>\n<li class=\"p1\"><span style=\"color: #00ccff\">Texts and voice:<\/span> \u00c0ngel Garc\u00eda-Cerda\u00f1a<\/li>\n<li class=\"p1\"><span style=\"color: #333399\">Robots:<\/span> Capri, Dani, Xavi<\/li>\n<li class=\"p1\"><span style=\"color: #666699\">Music and sound<\/span>: Sytse Wierenga, David Dalmazzo<\/li>\n<li class=\"p1\"><span style=\"color: #33cccc\">Scenorgraphy and technical support:<\/span> Alex Escuredo<\/li>\n<\/ul>\n<p><img loading=\"lazy\" decoding=\"async\" class=\"wp-image-91 aligncenter\" src=\"https:\/\/teatronika.org\/wp-content\/uploads\/2018\/06\/CombiAgujeroMinCrop-300x266.jpg\" alt=\"\" width=\"623\" height=\"552\" srcset=\"https:\/\/teatronika.org\/wp-content\/uploads\/2018\/06\/CombiAgujeroMinCrop-300x266.jpg 300w, https:\/\/teatronika.org\/wp-content\/uploads\/2018\/06\/CombiAgujeroMinCrop-768x681.jpg 768w, https:\/\/teatronika.org\/wp-content\/uploads\/2018\/06\/CombiAgujeroMinCrop-1024x909.jpg 1024w, https:\/\/teatronika.org\/wp-content\/uploads\/2018\/06\/CombiAgujeroMinCrop.jpg 1500w\" sizes=\"auto, (max-width: 623px) 100vw, 623px\" \/><\/p>\n<h2>Documentation of the project is downloadable from this <a href=\"https:\/\/teatronika.org\/wp-content\/uploads\/2018\/06\/TeatronikaEnglishNew.pdf\">link.<\/a><\/h2>\n<p>&nbsp;<\/p>\n","protected":false},"excerpt":{"rendered":"<p>Performances made only by robots: an experiment and a research line Teatronika has produced a one hour show, presenting original pieces made on purpose for being performed by the robots. Robotic performances are in an experimental stage, thus the show mixes the robot performances and small interventions presenting thoughts and experiences around the themes of &hellip; <\/p>\n<p class=\"link-more\"><a href=\"https:\/\/teatronika.org\/en\/espectaculo\/\" class=\"more-link\">Continue reading<span class=\"screen-reader-text\"> &#8220;Show&#8221;<\/span><\/a><\/p>\n","protected":false},"author":9,"featured_media":0,"parent":0,"menu_order":0,"comment_status":"closed","ping_status":"closed","template":"","meta":{"_acf_changed":false,"footnotes":""},"class_list":["post-39","page","type-page","status-publish","hentry"],"acf":[],"_links":{"self":[{"href":"https:\/\/teatronika.org\/en\/wp-json\/wp\/v2\/pages\/39","targetHints":{"allow":["GET"]}}],"collection":[{"href":"https:\/\/teatronika.org\/en\/wp-json\/wp\/v2\/pages"}],"about":[{"href":"https:\/\/teatronika.org\/en\/wp-json\/wp\/v2\/types\/page"}],"author":[{"embeddable":true,"href":"https:\/\/teatronika.org\/en\/wp-json\/wp\/v2\/users\/9"}],"replies":[{"embeddable":true,"href":"https:\/\/teatronika.org\/en\/wp-json\/wp\/v2\/comments?post=39"}],"version-history":[{"count":39,"href":"https:\/\/teatronika.org\/en\/wp-json\/wp\/v2\/pages\/39\/revisions"}],"predecessor-version":[{"id":643,"href":"https:\/\/teatronika.org\/en\/wp-json\/wp\/v2\/pages\/39\/revisions\/643"}],"wp:attachment":[{"href":"https:\/\/teatronika.org\/en\/wp-json\/wp\/v2\/media?parent=39"}],"curies":[{"name":"wp","href":"https:\/\/api.w.org\/{rel}","templated":true}]}}